{"id":17,"date":"2017-02-11T10:45:02","date_gmt":"2017-02-11T10:45:02","guid":{"rendered":"http:\/\/ilraffaello.iisraffaello.gov.it\/wpilRaffaello\/?page_id=17"},"modified":"2017-02-11T10:45:02","modified_gmt":"2017-02-11T10:45:02","slug":"limpegno-sociale-e-politico","status":"publish","type":"page","link":"https:\/\/ilraffaello.iisraffaello.edu.it\/blog\/limpegno-sociale-e-politico\/","title":{"rendered":"L&#8217;impegno civile"},"content":{"rendered":"<p>\t\t\t\t<strong>Rinascita e Memoria<\/strong><\/p>\n<p><a href=\"http:\/\/www.libera.it\/flex\/images\/6\/1\/4\/D.c1014b82c49df8cd6b3d\/21marzo2017_banner_Locri_3.jpg\"><img loading=\"lazy\" decoding=\"async\" class=\"alignleft size-medium\" src=\"http:\/\/www.libera.it\/flex\/images\/6\/1\/4\/D.c1014b82c49df8cd6b3d\/21marzo2017_banner_Locri_3.jpg\" width=\"500\" height=\"187\" \/><\/a><\/p>\n<p>&nbsp;<\/p>\n<p>&nbsp;<br \/>\nIl 21 marzo, oltre ad essere il giorno inaugurale della stagione primaverile, coincide con un evento annuale, in cui l&#8217;associazione <em><strong>Libera<\/strong><\/em> celebra la <em>Giornata della Memoria e dell&#8217;Impegno in ricordo delle vittime innocenti delle mafie\u00a0<\/em>dal 1996. Perch\u00e9 in quel giorno non escono dal letargo solo le creature e la natura, ma si devono risvegliare la rabbia, la commozione e la memoria verso\u00a0 coloro che non ci sono pi\u00f9, abbandonati all&#8217;interminabile gelo dell&#8217; in(f)verno Mafioso e del crimine.\u00a0Nel 2017 il raduno nazionale di Libera, si terr\u00e0 a Locri. Un evento imperdibile e costruttivo, con il fine di eliminare dalla nostra realt\u00e0 la criminalit\u00e0 e creare memoria e solidariet\u00e0 verso coloro che subiscono ingiustizie ogni giorno.\u00a0L&#8217;evento regionale invece a Grottammare. Per maggiori dettagli si consulti<a href=\"http:\/\/www.libera.it\/flex\/cm\/pages\/ServeBLOB.php\/L\/IT\/IDPagina\/13140\"> il link\u00a0<\/a>.<\/p>\n<p><a href=\"http:\/\/ilraffaello.iisraffaello.gov.it\/wpilRaffaello\/2017\/03\/22\/a-grottammare-con-libera-contro-il-contro-le-mafie\/\">La nostra partecipazione al 21 Marzo del 2017\u00a0<\/a><\/p>\n<p>&nbsp;<\/p>\n<p>La Gironata della Memoria del 27 Gennaio<\/p>\n<p><iframe loading=\"lazy\" src=\"https:\/\/www.youtube.com\/embed\/wp53t0OtTGU\" width=\"560\" height=\"315\" frameborder=\"0\" allowfullscreen=\"allowfullscreen\"><\/iframe>\t\t<\/p>\n","protected":false},"excerpt":{"rendered":"<p>Rinascita e Memoria &nbsp; &nbsp; Il 21 marzo, oltre ad essere il giorno inaugurale della stagione primaverile, coincide con un evento annuale, in cui l&#8217;associazione Libera celebra la Giornata della Memoria e dell&#8217;Impegno in ricordo delle vittime innocenti delle mafie\u00a0dal 1996. Perch\u00e9 in quel giorno non escono dal letargo solo le creature e la natura, [&hellip;]<\/p>\n","protected":false},"author":1,"featured_media":0,"parent":0,"menu_order":0,"comment_status":"closed","ping_status":"closed","template":"","meta":{"footnotes":""},"class_list":["post-17","page","type-page","status-publish","hentry"],"_links":{"self":[{"href":"https:\/\/ilraffaello.iisraffaello.edu.it\/blog\/wp-json\/wp\/v2\/pages\/17","targetHints":{"allow":["GET"]}}],"collection":[{"href":"https:\/\/ilraffaello.iisraffaello.edu.it\/blog\/wp-json\/wp\/v2\/pages"}],"about":[{"href":"https:\/\/ilraffaello.iisraffaello.edu.it\/blog\/wp-json\/wp\/v2\/types\/page"}],"author":[{"embeddable":true,"href":"https:\/\/ilraffaello.iisraffaello.edu.it\/blog\/wp-json\/wp\/v2\/users\/1"}],"replies":[{"embeddable":true,"href":"https:\/\/ilraffaello.iisraffaello.edu.it\/blog\/wp-json\/wp\/v2\/comments?post=17"}],"version-history":[{"count":0,"href":"https:\/\/ilraffaello.iisraffaello.edu.it\/blog\/wp-json\/wp\/v2\/pages\/17\/revisions"}],"wp:attachment":[{"href":"https:\/\/ilraffaello.iisraffaello.edu.it\/blog\/wp-json\/wp\/v2\/media?parent=17"}],"curies":[{"name":"wp","href":"https:\/\/api.w.org\/{rel}","templated":true}]}}